{"id":667,"date":"2021-05-30T14:49:44","date_gmt":"2021-05-30T14:49:44","guid":{"rendered":"https:\/\/devellabell.ad\/?post_type=product&#038;p=667"},"modified":"2024-04-04T08:57:40","modified_gmt":"2024-04-04T08:57:40","slug":"fleurpaint","status":"publish","type":"product","link":"https:\/\/devellabell.ad\/es\/producte\/fleurpaint","title":{"rendered":"Fleur Paint"},"content":{"rendered":"<h4>Punt de venda oficial de les pintures FleurPaint a Andorra.<\/h4>\n<h4><\/h4>\n<h4>La gamma de pintures Fleur est\u00e0 realitzada amb una recepta tradicional a base de minerals de pigments naturals.<\/h4>\n<h4>Presenta una \u00e0mplia gama de productes i colors amb acabats adequats per a cada superf\u00edcie.<\/h4>\n<h4>Pintures per Transformar, crear, pintar tot all\u00f3 que un a crear i pintar el que un deitgi.<br \/>\nL'empresa Fleur Paint t\u00e9 en compte amb el medi ambient realitzant un producte ecol\u00f2gic amb molt baixes emissions de COV (2 g \/ l) i amb un embalatge en vidre, cartr\u00f3 i alumini intensament reciclable.*<br \/>\n(*http:\/\/www.fleurpaint.com\/)<\/h4>\n<p>&nbsp;<\/p>\n<h4>Productes disponibles:<\/h4>\n<ul>\n<li>\n<h5><strong>Fleur Chalky look<\/strong><\/h5>\n<\/li>\n<li>\n<h5><strong>Fleur Eggshell<\/strong><\/h5>\n<\/li>\n<li>\n<h5><strong>Fleur Met\u00e0l\u00b7litzat<\/strong><\/h5>\n<\/li>\n<li>\n<h5><strong>Fleur Vern\u00edssos i Ceres<\/strong><\/h5>\n<\/li>\n<li>\n<h5><strong>Fleur Primer<\/strong><\/h5>\n<\/li>\n<li>\n<h5><strong>Fleur Pissarra<\/strong><\/h5>\n<\/li>\n<li>\n<h5><strong>Fleur Kit<\/strong><\/h5>\n<\/li>\n<li>\n<h5><strong>Fleur Pinzells<\/strong><\/h5>\n<\/li>\n<\/ul>\n<p>&nbsp;<\/p>\n<p>&nbsp;<\/p>","protected":false},"excerpt":{"rendered":"<p>Punt de venda oficial de les pintures FleurPaint a Andorra. La gamma de pintures Fleur est\u00e0 realitzada amb una recepta tradicional a base de minerals de pigments naturals. Presenta una \u00e0mplia gama de productes i colors amb acabats adequats per a cada superf\u00edcie. Pintures per Transformar, crear, pintar tot all\u00f3 que un a crear i [&hellip;]<\/p>","protected":false},"featured_media":868,"comment_status":"open","ping_status":"closed","template":"","meta":{"_acf_changed":false},"product_brand":[],"product_cat":[50],"product_tag":[],"class_list":{"0":"post-667","1":"product","2":"type-product","3":"status-publish","4":"has-post-thumbnail","6":"product_cat-fleur-paint","8":"first","9":"instock","10":"shipping-taxable","11":"product-type-simple"},"acf":[],"yoast_head":"<!-- This site is optimized with the Yoast SEO plugin v26.6 - https:\/\/yoast.com\/wordpress\/plugins\/seo\/ -->\n<title>Fleur Paint - de Vell a Bell<\/title>\n<meta name=\"robots\" content=\"index, follow, max-snippet:-1, max-image-preview:large, max-video-preview:-1\" \/>\n<link rel=\"canonical\" href=\"https:\/\/devellabell.ad\/es\/producte\/fleurpaint\" \/>\n<meta property=\"og:locale\" content=\"es_ES\" \/>\n<meta property=\"og:type\" content=\"article\" \/>\n<meta property=\"og:title\" content=\"Fleur Paint - de Vell a Bell\" \/>\n<meta property=\"og:description\" content=\"Punt de venda oficial de les pintures FleurPaint a Andorra. La gamma de pintures Fleur est\u00e0 realitzada amb una recepta tradicional a base de minerals de pigments naturals. Presenta una \u00e0mplia gama de productes i colors amb acabats adequats per a cada superf\u00edcie. Pintures per Transformar, crear, pintar tot all\u00f3 que un a crear i [&hellip;]\" \/>\n<meta property=\"og:url\" content=\"https:\/\/devellabell.ad\/es\/producte\/fleurpaint\" \/>\n<meta property=\"og:site_name\" content=\"de Vell a Bell\" \/>\n<meta property=\"article:publisher\" content=\"https:\/\/www.facebook.com\/devellabell.restauracio\/\" \/>\n<meta property=\"article:modified_time\" content=\"2024-04-04T08:57:40+00:00\" \/>\n<meta property=\"og:image\" content=\"https:\/\/devellabell.ad\/wp-content\/uploads\/2021\/07\/mostrari-1.jpg\" \/>\n\t<meta property=\"og:image:width\" content=\"1500\" \/>\n\t<meta property=\"og:image:height\" content=\"1500\" \/>\n\t<meta property=\"og:image:type\" content=\"image\/jpeg\" \/>\n<meta name=\"twitter:card\" content=\"summary_large_image\" \/>\n<meta name=\"twitter:site\" content=\"@devellabell_r\" \/>\n<meta name=\"twitter:label1\" content=\"Tiempo de lectura\" \/>\n\t<meta name=\"twitter:data1\" content=\"1 minuto\" \/>\n<script type=\"application\/ld+json\" class=\"yoast-schema-graph\">{\"@context\":\"https:\/\/schema.org\",\"@graph\":[{\"@type\":\"WebPage\",\"@id\":\"https:\/\/devellabell.ad\/producte\/fleurpaint\",\"url\":\"https:\/\/devellabell.ad\/producte\/fleurpaint\",\"name\":\"Fleur Paint - de Vell a Bell\",\"isPartOf\":{\"@id\":\"https:\/\/devellabell.ad\/#website\"},\"primaryImageOfPage\":{\"@id\":\"https:\/\/devellabell.ad\/producte\/fleurpaint#primaryimage\"},\"image\":{\"@id\":\"https:\/\/devellabell.ad\/producte\/fleurpaint#primaryimage\"},\"thumbnailUrl\":\"https:\/\/devellabell.ad\/wp-content\/uploads\/2021\/07\/mostrari-1.jpg\",\"datePublished\":\"2021-05-30T14:49:44+00:00\",\"dateModified\":\"2024-04-04T08:57:40+00:00\",\"breadcrumb\":{\"@id\":\"https:\/\/devellabell.ad\/producte\/fleurpaint#breadcrumb\"},\"inLanguage\":\"es\",\"potentialAction\":[{\"@type\":\"ReadAction\",\"target\":[\"https:\/\/devellabell.ad\/producte\/fleurpaint\"]}]},{\"@type\":\"ImageObject\",\"inLanguage\":\"es\",\"@id\":\"https:\/\/devellabell.ad\/producte\/fleurpaint#primaryimage\",\"url\":\"https:\/\/devellabell.ad\/wp-content\/uploads\/2021\/07\/mostrari-1.jpg\",\"contentUrl\":\"https:\/\/devellabell.ad\/wp-content\/uploads\/2021\/07\/mostrari-1.jpg\",\"width\":1500,\"height\":1500},{\"@type\":\"BreadcrumbList\",\"@id\":\"https:\/\/devellabell.ad\/producte\/fleurpaint#breadcrumb\",\"itemListElement\":[{\"@type\":\"ListItem\",\"position\":1,\"name\":\"Inici\",\"item\":\"https:\/\/devellabell.ad\/\"},{\"@type\":\"ListItem\",\"position\":2,\"name\":\"Botiga\",\"item\":\"https:\/\/devellabell.ad\/botiga\"},{\"@type\":\"ListItem\",\"position\":3,\"name\":\"Fleur Paint\"}]},{\"@type\":\"WebSite\",\"@id\":\"https:\/\/devellabell.ad\/#website\",\"url\":\"https:\/\/devellabell.ad\/\",\"name\":\"de Vell a Bell\",\"description\":\"Taller de Restauraci\u00f3 i Artesania\",\"publisher\":{\"@id\":\"https:\/\/devellabell.ad\/#organization\"},\"potentialAction\":[{\"@type\":\"SearchAction\",\"target\":{\"@type\":\"EntryPoint\",\"urlTemplate\":\"https:\/\/devellabell.ad\/?s={search_term_string}\"},\"query-input\":{\"@type\":\"PropertyValueSpecification\",\"valueRequired\":true,\"valueName\":\"search_term_string\"}}],\"inLanguage\":\"es\"},{\"@type\":\"Organization\",\"@id\":\"https:\/\/devellabell.ad\/#organization\",\"name\":\"de Vell a Bell\",\"url\":\"https:\/\/devellabell.ad\/\",\"logo\":{\"@type\":\"ImageObject\",\"inLanguage\":\"es\",\"@id\":\"https:\/\/devellabell.ad\/#\/schema\/logo\/image\/\",\"url\":\"https:\/\/devellabell.ad\/wp-content\/uploads\/2021\/04\/logo-1-8.png\",\"contentUrl\":\"https:\/\/devellabell.ad\/wp-content\/uploads\/2021\/04\/logo-1-8.png\",\"width\":600,\"height\":128,\"caption\":\"de Vell a Bell\"},\"image\":{\"@id\":\"https:\/\/devellabell.ad\/#\/schema\/logo\/image\/\"},\"sameAs\":[\"https:\/\/www.facebook.com\/devellabell.restauracio\/\",\"https:\/\/x.com\/devellabell_r\"]}]}<\/script>\n<!-- \/ Yoast SEO plugin. -->","yoast_head_json":{"title":"Fleur Paint - de Vell a Bell","robots":{"index":"index","follow":"follow","max-snippet":"max-snippet:-1","max-image-preview":"max-image-preview:large","max-video-preview":"max-video-preview:-1"},"canonical":"https:\/\/devellabell.ad\/es\/producte\/fleurpaint","og_locale":"es_ES","og_type":"article","og_title":"Fleur Paint - de Vell a Bell","og_description":"Punt de venda oficial de les pintures FleurPaint a Andorra. La gamma de pintures Fleur est\u00e0 realitzada amb una recepta tradicional a base de minerals de pigments naturals. Presenta una \u00e0mplia gama de productes i colors amb acabats adequats per a cada superf\u00edcie. Pintures per Transformar, crear, pintar tot all\u00f3 que un a crear i [&hellip;]","og_url":"https:\/\/devellabell.ad\/es\/producte\/fleurpaint","og_site_name":"de Vell a Bell","article_publisher":"https:\/\/www.facebook.com\/devellabell.restauracio\/","article_modified_time":"2024-04-04T08:57:40+00:00","og_image":[{"width":1500,"height":1500,"url":"https:\/\/devellabell.ad\/wp-content\/uploads\/2021\/07\/mostrari-1.jpg","type":"image\/jpeg"}],"twitter_card":"summary_large_image","twitter_site":"@devellabell_r","twitter_misc":{"Tiempo de lectura":"1 minuto"},"schema":{"@context":"https:\/\/schema.org","@graph":[{"@type":"WebPage","@id":"https:\/\/devellabell.ad\/producte\/fleurpaint","url":"https:\/\/devellabell.ad\/producte\/fleurpaint","name":"Fleur Paint - de Vell a Bell","isPartOf":{"@id":"https:\/\/devellabell.ad\/#website"},"primaryImageOfPage":{"@id":"https:\/\/devellabell.ad\/producte\/fleurpaint#primaryimage"},"image":{"@id":"https:\/\/devellabell.ad\/producte\/fleurpaint#primaryimage"},"thumbnailUrl":"https:\/\/devellabell.ad\/wp-content\/uploads\/2021\/07\/mostrari-1.jpg","datePublished":"2021-05-30T14:49:44+00:00","dateModified":"2024-04-04T08:57:40+00:00","breadcrumb":{"@id":"https:\/\/devellabell.ad\/producte\/fleurpaint#breadcrumb"},"inLanguage":"es","potentialAction":[{"@type":"ReadAction","target":["https:\/\/devellabell.ad\/producte\/fleurpaint"]}]},{"@type":"ImageObject","inLanguage":"es","@id":"https:\/\/devellabell.ad\/producte\/fleurpaint#primaryimage","url":"https:\/\/devellabell.ad\/wp-content\/uploads\/2021\/07\/mostrari-1.jpg","contentUrl":"https:\/\/devellabell.ad\/wp-content\/uploads\/2021\/07\/mostrari-1.jpg","width":1500,"height":1500},{"@type":"BreadcrumbList","@id":"https:\/\/devellabell.ad\/producte\/fleurpaint#breadcrumb","itemListElement":[{"@type":"ListItem","position":1,"name":"Inici","item":"https:\/\/devellabell.ad\/"},{"@type":"ListItem","position":2,"name":"Botiga","item":"https:\/\/devellabell.ad\/botiga"},{"@type":"ListItem","position":3,"name":"Fleur Paint"}]},{"@type":"WebSite","@id":"https:\/\/devellabell.ad\/#website","url":"https:\/\/devellabell.ad\/","name":"de Vell a Bell","description":"Taller de restauraci\u00f3n y artesan\u00eda","publisher":{"@id":"https:\/\/devellabell.ad\/#organization"},"potentialAction":[{"@type":"SearchAction","target":{"@type":"EntryPoint","urlTemplate":"https:\/\/devellabell.ad\/?s={search_term_string}"},"query-input":{"@type":"PropertyValueSpecification","valueRequired":true,"valueName":"search_term_string"}}],"inLanguage":"es"},{"@type":"Organization","@id":"https:\/\/devellabell.ad\/#organization","name":"de Vell a Bell","url":"https:\/\/devellabell.ad\/","logo":{"@type":"ImageObject","inLanguage":"es","@id":"https:\/\/devellabell.ad\/#\/schema\/logo\/image\/","url":"https:\/\/devellabell.ad\/wp-content\/uploads\/2021\/04\/logo-1-8.png","contentUrl":"https:\/\/devellabell.ad\/wp-content\/uploads\/2021\/04\/logo-1-8.png","width":600,"height":128,"caption":"de Vell a Bell"},"image":{"@id":"https:\/\/devellabell.ad\/#\/schema\/logo\/image\/"},"sameAs":["https:\/\/www.facebook.com\/devellabell.restauracio\/","https:\/\/x.com\/devellabell_r"]}]}},"_links":{"self":[{"href":"https:\/\/devellabell.ad\/es\/wp-json\/wp\/v2\/product\/667","targetHints":{"allow":["GET"]}}],"collection":[{"href":"https:\/\/devellabell.ad\/es\/wp-json\/wp\/v2\/product"}],"about":[{"href":"https:\/\/devellabell.ad\/es\/wp-json\/wp\/v2\/types\/product"}],"replies":[{"embeddable":true,"href":"https:\/\/devellabell.ad\/es\/wp-json\/wp\/v2\/comments?post=667"}],"wp:featuredmedia":[{"embeddable":true,"href":"https:\/\/devellabell.ad\/es\/wp-json\/wp\/v2\/media\/868"}],"wp:attachment":[{"href":"https:\/\/devellabell.ad\/es\/wp-json\/wp\/v2\/media?parent=667"}],"wp:term":[{"taxonomy":"product_brand","embeddable":true,"href":"https:\/\/devellabell.ad\/es\/wp-json\/wp\/v2\/product_brand?post=667"},{"taxonomy":"product_cat","embeddable":true,"href":"https:\/\/devellabell.ad\/es\/wp-json\/wp\/v2\/product_cat?post=667"},{"taxonomy":"product_tag","embeddable":true,"href":"https:\/\/devellabell.ad\/es\/wp-json\/wp\/v2\/product_tag?post=667"}],"curies":[{"name":"wp","href":"https:\/\/api.w.org\/{rel}","templated":true}]}}