{"id":590,"date":"2021-06-02T13:11:45","date_gmt":"2021-06-02T13:11:45","guid":{"rendered":"https:\/\/devellabell.ad\/?post_type=product&#038;p=590"},"modified":"2021-09-10T06:52:29","modified_gmt":"2021-09-10T06:52:29","slug":"penjador-per-a-arrecades","status":"publish","type":"product","link":"https:\/\/devellabell.ad\/es\/producte\/penjador-per-a-arrecades","title":{"rendered":"Penjadors"},"content":{"rendered":"<p>&nbsp;<\/p>\n<p>&nbsp;<\/p>\n<p><img loading=\"lazy\" decoding=\"async\" class=\"alignnone size-medium wp-image-724\" src=\"https:\/\/devellabell.ad\/wp-content\/uploads\/2021\/06\/Penjadors-1-300x300.jpg\" alt=\"\" width=\"300\" height=\"300\" srcset=\"https:\/\/devellabell.ad\/wp-content\/uploads\/2021\/06\/Penjadors-1-300x300.jpg 300w, https:\/\/devellabell.ad\/wp-content\/uploads\/2021\/06\/Penjadors-1-100x100.jpg 100w, https:\/\/devellabell.ad\/wp-content\/uploads\/2021\/06\/Penjadors-1-600x600.jpg 600w, https:\/\/devellabell.ad\/wp-content\/uploads\/2021\/06\/Penjadors-1-1024x1024.jpg 1024w, https:\/\/devellabell.ad\/wp-content\/uploads\/2021\/06\/Penjadors-1-150x150.jpg 150w, https:\/\/devellabell.ad\/wp-content\/uploads\/2021\/06\/Penjadors-1-768x768.jpg 768w, https:\/\/devellabell.ad\/wp-content\/uploads\/2021\/06\/Penjadors-1.jpg 1500w\" sizes=\"auto, (max-width: 300px) 100vw, 300px\" \/> <img loading=\"lazy\" decoding=\"async\" class=\"alignnone size-medium wp-image-726\" src=\"https:\/\/devellabell.ad\/wp-content\/uploads\/2021\/06\/penjadors3-300x300.jpg\" alt=\"\" width=\"300\" height=\"300\" srcset=\"https:\/\/devellabell.ad\/wp-content\/uploads\/2021\/06\/penjadors3-300x300.jpg 300w, https:\/\/devellabell.ad\/wp-content\/uploads\/2021\/06\/penjadors3-100x100.jpg 100w, https:\/\/devellabell.ad\/wp-content\/uploads\/2021\/06\/penjadors3-600x600.jpg 600w, https:\/\/devellabell.ad\/wp-content\/uploads\/2021\/06\/penjadors3-1024x1024.jpg 1024w, https:\/\/devellabell.ad\/wp-content\/uploads\/2021\/06\/penjadors3-150x150.jpg 150w, https:\/\/devellabell.ad\/wp-content\/uploads\/2021\/06\/penjadors3-768x768.jpg 768w, https:\/\/devellabell.ad\/wp-content\/uploads\/2021\/06\/penjadors3.jpg 1500w\" sizes=\"auto, (max-width: 300px) 100vw, 300px\" \/> <img loading=\"lazy\" decoding=\"async\" class=\"alignnone size-medium wp-image-725\" src=\"https:\/\/devellabell.ad\/wp-content\/uploads\/2021\/06\/penjadors2-300x300.jpg\" alt=\"\" width=\"300\" height=\"300\" srcset=\"https:\/\/devellabell.ad\/wp-content\/uploads\/2021\/06\/penjadors2-300x300.jpg 300w, https:\/\/devellabell.ad\/wp-content\/uploads\/2021\/06\/penjadors2-100x100.jpg 100w, https:\/\/devellabell.ad\/wp-content\/uploads\/2021\/06\/penjadors2-600x600.jpg 600w, https:\/\/devellabell.ad\/wp-content\/uploads\/2021\/06\/penjadors2-1024x1024.jpg 1024w, https:\/\/devellabell.ad\/wp-content\/uploads\/2021\/06\/penjadors2-150x150.jpg 150w, https:\/\/devellabell.ad\/wp-content\/uploads\/2021\/06\/penjadors2-768x768.jpg 768w, https:\/\/devellabell.ad\/wp-content\/uploads\/2021\/06\/penjadors2.jpg 1500w\" sizes=\"auto, (max-width: 300px) 100vw, 300px\" \/> <img loading=\"lazy\" decoding=\"async\" class=\"alignnone size-medium wp-image-723\" src=\"https:\/\/devellabell.ad\/wp-content\/uploads\/2021\/06\/PenjadorReixeta3-300x300.jpg\" alt=\"\" width=\"300\" height=\"300\" srcset=\"https:\/\/devellabell.ad\/wp-content\/uploads\/2021\/06\/PenjadorReixeta3-300x300.jpg 300w, https:\/\/devellabell.ad\/wp-content\/uploads\/2021\/06\/PenjadorReixeta3-100x100.jpg 100w, https:\/\/devellabell.ad\/wp-content\/uploads\/2021\/06\/PenjadorReixeta3-600x600.jpg 600w, https:\/\/devellabell.ad\/wp-content\/uploads\/2021\/06\/PenjadorReixeta3-1024x1024.jpg 1024w, https:\/\/devellabell.ad\/wp-content\/uploads\/2021\/06\/PenjadorReixeta3-150x150.jpg 150w, https:\/\/devellabell.ad\/wp-content\/uploads\/2021\/06\/PenjadorReixeta3-768x768.jpg 768w, https:\/\/devellabell.ad\/wp-content\/uploads\/2021\/06\/PenjadorReixeta3.jpg 1500w\" sizes=\"auto, (max-width: 300px) 100vw, 300px\" \/><\/p>\n<h4>Penjadors per a arrecades, claus, mascaretes, collarets, polseres, anells i molt m\u00e9s,<\/h4>\n<h4>C\u00e8rcols de bamb\u00fa i tela de r\u00e0fia diversos colors.<\/h4>\n<h4>Hi ha 3 mides diferents:<\/h4>\n<h4>Petita: 13 cm \/ <strong>8\u20ac - 10\u20ac<\/strong> (amb ganxos)<\/h4>\n<h4>Mitjana: 20 cm \/ <strong>12\u20ac - 15\u20ac<\/strong> (amb ganxos)<\/h4>\n<h4>Gran: 30 cm \/ <strong>15\u20ac - 18\u20ac<\/strong> (amb ganxos)<\/h4>\n<h4>Poden ser llisos o amb ganxos.<\/h4>\n<h4>Combina'ls com vulguis i decorar casa teva amb fibres naturals.<\/h4>","protected":false},"excerpt":{"rendered":"<p>&nbsp; &nbsp; Penjadors per a arrecades, claus, mascaretes, collarets, polseres, anells i molt m\u00e9s, C\u00e8rcols de bamb\u00fa i tela de r\u00e0fia diversos colors. Hi ha 3 mides diferents: Petita: 13 cm \/ 8\u20ac - 10\u20ac (amb ganxos) Mitjana: 20 cm \/ 12\u20ac - 15\u20ac (amb ganxos) Gran: 30 cm \/ 15\u20ac - 18\u20ac (amb ganxos) [&hellip;]<\/p>","protected":false},"featured_media":724,"comment_status":"open","ping_status":"closed","template":"","meta":{"_acf_changed":false},"product_brand":[],"product_cat":[20,15],"product_tag":[],"class_list":{"0":"post-590","1":"product","2":"type-product","3":"status-publish","4":"has-post-thumbnail","6":"product_cat-decoracio","7":"product_cat-artesania-mobles","9":"first","10":"instock","11":"shipping-taxable","12":"product-type-simple"},"acf":[],"yoast_head":"<!-- This site is optimized with the Yoast SEO plugin v26.6 - https:\/\/yoast.com\/wordpress\/plugins\/seo\/ -->\n<title>Penjadors - de Vell a Bell<\/title>\n<meta name=\"robots\" content=\"index, follow, max-snippet:-1, max-image-preview:large, max-video-preview:-1\" \/>\n<link rel=\"canonical\" href=\"https:\/\/devellabell.ad\/es\/producte\/penjador-per-a-arrecades\" \/>\n<meta property=\"og:locale\" content=\"es_ES\" \/>\n<meta property=\"og:type\" content=\"article\" \/>\n<meta property=\"og:title\" content=\"Penjadors - de Vell a Bell\" \/>\n<meta property=\"og:description\" content=\"&nbsp; &nbsp; Penjadors per a arrecades, claus, mascaretes, collarets, polseres, anells i molt m\u00e9s, C\u00e8rcols de bamb\u00fa i tela de r\u00e0fia diversos colors. Hi ha 3 mides diferents: Petita: 13 cm \/ 8\u20ac - 10\u20ac (amb ganxos) Mitjana: 20 cm \/ 12\u20ac - 15\u20ac (amb ganxos) Gran: 30 cm \/ 15\u20ac - 18\u20ac (amb ganxos) [&hellip;]\" \/>\n<meta property=\"og:url\" content=\"https:\/\/devellabell.ad\/es\/producte\/penjador-per-a-arrecades\" \/>\n<meta property=\"og:site_name\" content=\"de Vell a Bell\" \/>\n<meta property=\"article:publisher\" content=\"https:\/\/www.facebook.com\/devellabell.restauracio\/\" \/>\n<meta property=\"article:modified_time\" content=\"2021-09-10T06:52:29+00:00\" \/>\n<meta property=\"og:image\" content=\"https:\/\/devellabell.ad\/wp-content\/uploads\/2021\/06\/Penjadors-1.jpg\" \/>\n\t<meta property=\"og:image:width\" content=\"1500\" \/>\n\t<meta property=\"og:image:height\" content=\"1500\" \/>\n\t<meta property=\"og:image:type\" content=\"image\/jpeg\" \/>\n<meta name=\"twitter:card\" content=\"summary_large_image\" \/>\n<meta name=\"twitter:site\" content=\"@devellabell_r\" \/>\n<script type=\"application\/ld+json\" class=\"yoast-schema-graph\">{\"@context\":\"https:\/\/schema.org\",\"@graph\":[{\"@type\":\"WebPage\",\"@id\":\"https:\/\/devellabell.ad\/producte\/penjador-per-a-arrecades\",\"url\":\"https:\/\/devellabell.ad\/producte\/penjador-per-a-arrecades\",\"name\":\"Penjadors - de Vell a Bell\",\"isPartOf\":{\"@id\":\"https:\/\/devellabell.ad\/#website\"},\"primaryImageOfPage\":{\"@id\":\"https:\/\/devellabell.ad\/producte\/penjador-per-a-arrecades#primaryimage\"},\"image\":{\"@id\":\"https:\/\/devellabell.ad\/producte\/penjador-per-a-arrecades#primaryimage\"},\"thumbnailUrl\":\"https:\/\/devellabell.ad\/wp-content\/uploads\/2021\/06\/Penjadors-1.jpg\",\"datePublished\":\"2021-06-02T13:11:45+00:00\",\"dateModified\":\"2021-09-10T06:52:29+00:00\",\"breadcrumb\":{\"@id\":\"https:\/\/devellabell.ad\/producte\/penjador-per-a-arrecades#breadcrumb\"},\"inLanguage\":\"es\",\"potentialAction\":[{\"@type\":\"ReadAction\",\"target\":[\"https:\/\/devellabell.ad\/producte\/penjador-per-a-arrecades\"]}]},{\"@type\":\"ImageObject\",\"inLanguage\":\"es\",\"@id\":\"https:\/\/devellabell.ad\/producte\/penjador-per-a-arrecades#primaryimage\",\"url\":\"https:\/\/devellabell.ad\/wp-content\/uploads\/2021\/06\/Penjadors-1.jpg\",\"contentUrl\":\"https:\/\/devellabell.ad\/wp-content\/uploads\/2021\/06\/Penjadors-1.jpg\",\"width\":1500,\"height\":1500},{\"@type\":\"BreadcrumbList\",\"@id\":\"https:\/\/devellabell.ad\/producte\/penjador-per-a-arrecades#breadcrumb\",\"itemListElement\":[{\"@type\":\"ListItem\",\"position\":1,\"name\":\"Inici\",\"item\":\"https:\/\/devellabell.ad\/\"},{\"@type\":\"ListItem\",\"position\":2,\"name\":\"Botiga\",\"item\":\"https:\/\/devellabell.ad\/botiga\"},{\"@type\":\"ListItem\",\"position\":3,\"name\":\"Penjadors\"}]},{\"@type\":\"WebSite\",\"@id\":\"https:\/\/devellabell.ad\/#website\",\"url\":\"https:\/\/devellabell.ad\/\",\"name\":\"de Vell a Bell\",\"description\":\"Taller de Restauraci\u00f3 i Artesania\",\"publisher\":{\"@id\":\"https:\/\/devellabell.ad\/#organization\"},\"potentialAction\":[{\"@type\":\"SearchAction\",\"target\":{\"@type\":\"EntryPoint\",\"urlTemplate\":\"https:\/\/devellabell.ad\/?s={search_term_string}\"},\"query-input\":{\"@type\":\"PropertyValueSpecification\",\"valueRequired\":true,\"valueName\":\"search_term_string\"}}],\"inLanguage\":\"es\"},{\"@type\":\"Organization\",\"@id\":\"https:\/\/devellabell.ad\/#organization\",\"name\":\"de Vell a Bell\",\"url\":\"https:\/\/devellabell.ad\/\",\"logo\":{\"@type\":\"ImageObject\",\"inLanguage\":\"es\",\"@id\":\"https:\/\/devellabell.ad\/#\/schema\/logo\/image\/\",\"url\":\"https:\/\/devellabell.ad\/wp-content\/uploads\/2021\/04\/logo-1-8.png\",\"contentUrl\":\"https:\/\/devellabell.ad\/wp-content\/uploads\/2021\/04\/logo-1-8.png\",\"width\":600,\"height\":128,\"caption\":\"de Vell a Bell\"},\"image\":{\"@id\":\"https:\/\/devellabell.ad\/#\/schema\/logo\/image\/\"},\"sameAs\":[\"https:\/\/www.facebook.com\/devellabell.restauracio\/\",\"https:\/\/x.com\/devellabell_r\"]}]}<\/script>\n<!-- \/ Yoast SEO plugin. -->","yoast_head_json":{"title":"Penjadors - de Vell a Bell","robots":{"index":"index","follow":"follow","max-snippet":"max-snippet:-1","max-image-preview":"max-image-preview:large","max-video-preview":"max-video-preview:-1"},"canonical":"https:\/\/devellabell.ad\/es\/producte\/penjador-per-a-arrecades","og_locale":"es_ES","og_type":"article","og_title":"Penjadors - de Vell a Bell","og_description":"&nbsp; &nbsp; Penjadors per a arrecades, claus, mascaretes, collarets, polseres, anells i molt m\u00e9s, C\u00e8rcols de bamb\u00fa i tela de r\u00e0fia diversos colors. Hi ha 3 mides diferents: Petita: 13 cm \/ 8\u20ac - 10\u20ac (amb ganxos) Mitjana: 20 cm \/ 12\u20ac - 15\u20ac (amb ganxos) Gran: 30 cm \/ 15\u20ac - 18\u20ac (amb ganxos) [&hellip;]","og_url":"https:\/\/devellabell.ad\/es\/producte\/penjador-per-a-arrecades","og_site_name":"de Vell a Bell","article_publisher":"https:\/\/www.facebook.com\/devellabell.restauracio\/","article_modified_time":"2021-09-10T06:52:29+00:00","og_image":[{"width":1500,"height":1500,"url":"https:\/\/devellabell.ad\/wp-content\/uploads\/2021\/06\/Penjadors-1.jpg","type":"image\/jpeg"}],"twitter_card":"summary_large_image","twitter_site":"@devellabell_r","schema":{"@context":"https:\/\/schema.org","@graph":[{"@type":"WebPage","@id":"https:\/\/devellabell.ad\/producte\/penjador-per-a-arrecades","url":"https:\/\/devellabell.ad\/producte\/penjador-per-a-arrecades","name":"Penjadors - de Vell a Bell","isPartOf":{"@id":"https:\/\/devellabell.ad\/#website"},"primaryImageOfPage":{"@id":"https:\/\/devellabell.ad\/producte\/penjador-per-a-arrecades#primaryimage"},"image":{"@id":"https:\/\/devellabell.ad\/producte\/penjador-per-a-arrecades#primaryimage"},"thumbnailUrl":"https:\/\/devellabell.ad\/wp-content\/uploads\/2021\/06\/Penjadors-1.jpg","datePublished":"2021-06-02T13:11:45+00:00","dateModified":"2021-09-10T06:52:29+00:00","breadcrumb":{"@id":"https:\/\/devellabell.ad\/producte\/penjador-per-a-arrecades#breadcrumb"},"inLanguage":"es","potentialAction":[{"@type":"ReadAction","target":["https:\/\/devellabell.ad\/producte\/penjador-per-a-arrecades"]}]},{"@type":"ImageObject","inLanguage":"es","@id":"https:\/\/devellabell.ad\/producte\/penjador-per-a-arrecades#primaryimage","url":"https:\/\/devellabell.ad\/wp-content\/uploads\/2021\/06\/Penjadors-1.jpg","contentUrl":"https:\/\/devellabell.ad\/wp-content\/uploads\/2021\/06\/Penjadors-1.jpg","width":1500,"height":1500},{"@type":"BreadcrumbList","@id":"https:\/\/devellabell.ad\/producte\/penjador-per-a-arrecades#breadcrumb","itemListElement":[{"@type":"ListItem","position":1,"name":"Inici","item":"https:\/\/devellabell.ad\/"},{"@type":"ListItem","position":2,"name":"Botiga","item":"https:\/\/devellabell.ad\/botiga"},{"@type":"ListItem","position":3,"name":"Penjadors"}]},{"@type":"WebSite","@id":"https:\/\/devellabell.ad\/#website","url":"https:\/\/devellabell.ad\/","name":"de Vell a Bell","description":"Taller de restauraci\u00f3n y artesan\u00eda","publisher":{"@id":"https:\/\/devellabell.ad\/#organization"},"potentialAction":[{"@type":"SearchAction","target":{"@type":"EntryPoint","urlTemplate":"https:\/\/devellabell.ad\/?s={search_term_string}"},"query-input":{"@type":"PropertyValueSpecification","valueRequired":true,"valueName":"search_term_string"}}],"inLanguage":"es"},{"@type":"Organization","@id":"https:\/\/devellabell.ad\/#organization","name":"de Vell a Bell","url":"https:\/\/devellabell.ad\/","logo":{"@type":"ImageObject","inLanguage":"es","@id":"https:\/\/devellabell.ad\/#\/schema\/logo\/image\/","url":"https:\/\/devellabell.ad\/wp-content\/uploads\/2021\/04\/logo-1-8.png","contentUrl":"https:\/\/devellabell.ad\/wp-content\/uploads\/2021\/04\/logo-1-8.png","width":600,"height":128,"caption":"de Vell a Bell"},"image":{"@id":"https:\/\/devellabell.ad\/#\/schema\/logo\/image\/"},"sameAs":["https:\/\/www.facebook.com\/devellabell.restauracio\/","https:\/\/x.com\/devellabell_r"]}]}},"_links":{"self":[{"href":"https:\/\/devellabell.ad\/es\/wp-json\/wp\/v2\/product\/590","targetHints":{"allow":["GET"]}}],"collection":[{"href":"https:\/\/devellabell.ad\/es\/wp-json\/wp\/v2\/product"}],"about":[{"href":"https:\/\/devellabell.ad\/es\/wp-json\/wp\/v2\/types\/product"}],"replies":[{"embeddable":true,"href":"https:\/\/devellabell.ad\/es\/wp-json\/wp\/v2\/comments?post=590"}],"wp:featuredmedia":[{"embeddable":true,"href":"https:\/\/devellabell.ad\/es\/wp-json\/wp\/v2\/media\/724"}],"wp:attachment":[{"href":"https:\/\/devellabell.ad\/es\/wp-json\/wp\/v2\/media?parent=590"}],"wp:term":[{"taxonomy":"product_brand","embeddable":true,"href":"https:\/\/devellabell.ad\/es\/wp-json\/wp\/v2\/product_brand?post=590"},{"taxonomy":"product_cat","embeddable":true,"href":"https:\/\/devellabell.ad\/es\/wp-json\/wp\/v2\/product_cat?post=590"},{"taxonomy":"product_tag","embeddable":true,"href":"https:\/\/devellabell.ad\/es\/wp-json\/wp\/v2\/product_tag?post=590"}],"curies":[{"name":"wp","href":"https:\/\/api.w.org\/{rel}","templated":true}]}}