{"id":454,"date":"2021-05-13T10:03:02","date_gmt":"2021-05-13T10:03:02","guid":{"rendered":"https:\/\/devellabell.ad\/?page_id=454"},"modified":"2021-05-13T17:14:38","modified_gmt":"2021-05-13T17:14:38","slug":"privacitat","status":"publish","type":"page","link":"https:\/\/devellabell.ad\/es\/privacitat","title":{"rendered":"Pol\u00edtica de Privadesa"},"content":{"rendered":"<h3 class=\"wp-block-heading\">INTRODUCCI\u00d3<\/h3>\n\n\n\n<p>A De Vell a Bell Restauraci\u00f3, a partir d\u2019ara De Vell a Bell, sensibilitzats amb les necessitats dels usuaris d\u2019Internet i conscients de la import\u00e0ncia de la rigorosa privacitat de la informaci\u00f3 personal que ens confien, incloem aquesta declaraci\u00f3 de privacitat amb l\u2019objecte del fet que siguis conscient de la pol\u00edtica en el tractament de les dades personals que s\u2019obtenen dels visitants i usuaris..<\/p>\n\n\n\n<p>Com usuari, acceptes aquestes condicions pel sol fet de llegir, visualitzar o navegar en la web. Si no ho acceptes, has d\u2019abandonar la web, sense fer \u00fas d\u2019ella ni del seu contingut, i sense accedir a les p\u00e0gines enlla\u00e7ades.<\/p>\n\n\n\n<h3 class=\"wp-block-heading\">RESPONSABLE DEL TRACTAMENT DE DADES<\/h3>\n\n\n\n<p>El titulat del lloc web i responsable del tractament de dades de devellabell.ad de l\u2019empresa <em>De Vell a Bell Restauraci\u00f3<\/em>, d\u2019ara endavant de Vell a Bell, amb NRT F-041045-Z, amb domicili al Carrer de les escoles , 21, codi postal AD600 de Sant Juli\u00e0 de L\u00f2ria, Andorra, pot contactar per correu electr\u00f2nic a info@devellabell.ad i tel\u00e8fon +376 867 686.<\/p>\n\n\n\n<h3 class=\"wp-block-heading\">FINALITAT DEL TRACTAMENT DE DADES<\/h3>\n\n\n\n<p>A la web, existeixen apartats espec\u00edfics on pots anotar les teves dades per rebre informaci\u00f3 sobre actualitzacions de la web i d\u2019alguns programes que es distribueixen. Nosaltres t\u2019assegurem que la informaci\u00f3 que ens facilitis ser\u00e0 gestionada de manera confidencial.<\/p>\n\n\n\n<p>Les dades s'emmagatzemaran mentre existeixi previsi\u00f3 del seu \u00fas per a la fi per al qual van ser recollides.<\/p>\n\n\n\n<p>No es fan preses de decisions automatitzades amb les teves dades.<\/p>\n\n\n\n<p>La web pot utilitzar cookies, consulta la nostra&nbsp;<a href=\"https:\/\/devellabell.ad\/es\/cookies\/\">pol\u00edtica de cookies<\/a>.<\/p>\n\n\n\n<h3 class=\"wp-block-heading\">LEGITIMACI\u00d3 DEL TRACTAMENT DE DADES<\/h3>\n\n\n\n<p>L'\u00fas de les teves dades s\u2019efectua perqu\u00e8 ens d\u00f3nes el teu consentiment per utilitzar les que ens proporciones en els formularis per un \u00fas espec\u00edfic que s'indica en cadascun d'ells. Totes les teves dades nom\u00e9s s\u00f3n necess\u00e0ries per a usos concrets pels quals se't sol\u00b7liciten, si no ho fas, aquests serveis no s\u00f3n possibles.<\/p>\n\n\n\n<h3 class=\"wp-block-heading\">TRANSFER\u00c8NCIES I CESSIONS DE DADES<\/h3>\n\n\n\n<p>Existeix un comprom\u00eds ferm per part nostre que les dades que proporcionis a de Vell a Bell, no seran venudes ni cedides a terceres persones sense el teu previ consentiment, per a cap concepte o circumst\u00e0ncia, excepte consentiment expr\u00e9s o obligaci\u00f3 legal.<\/p>\n\n\n\n<p>La nostra web cont\u00e9 enlla\u00e7os cap a altres webs de tercers. de Vell a Bell no es fa responsable per les pol\u00edtiques i pr\u00e0ctiques de privacitat d'aquestes altres webs.<\/p>\n\n\n\n<h3 class=\"wp-block-heading\">DRETS DELS INTERESSATS<\/h3>\n\n\n\n<p>Tens dret a accedir a la informaci\u00f3 que sobre la teva persona estigui emmagatzemada en les nostres bases de dades, rectificar-la en cas d\u2019errada, suprimir-la, limitar-la oposar-te al seu tractament i retirar-ne el consentiment si aquest \u00e9s el teu desig. Per fer-ho nom\u00e9s has d\u2019escriure un e-mail a l\u2019adre\u00e7a de correu electr\u00f2nic: info@devellabell.ad&nbsp;des d\u2019on et contestarem qualsevol consulta, comentari, aclariment que ens facis al respecte.<\/p>\n\n\n\n<p>Per a m\u00e9s informaci\u00f3 sobre temes relacionats, la web de refer\u00e8ncia \u00e9s la de l\u2019Ag\u00e8ncia Andorrana de Protecci\u00f3 de Dades,&nbsp; https:\/\/www.apda.ad\/ca<\/p>","protected":false},"excerpt":{"rendered":"<p>INTRODUCCI\u00d3 A De Vell a Bell Restauraci\u00f3, a partir d\u2019ara De Vell a Bell, sensibilitzats amb les necessitats dels usuaris d\u2019Internet i conscients de la import\u00e0ncia de la rigorosa privacitat de la informaci\u00f3 personal que ens confien, incloem aquesta declaraci\u00f3 de privacitat amb l\u2019objecte del fet que siguis conscient de la pol\u00edtica en el tractament [&hellip;]<\/p>","protected":false},"author":2,"featured_media":0,"parent":0,"menu_order":0,"comment_status":"closed","ping_status":"closed","template":"","meta":{"_acf_changed":false,"footnotes":""},"class_list":["post-454","page","type-page","status-publish","hentry"],"acf":[],"yoast_head":"<!-- This site is optimized with the Yoast SEO plugin v26.6 - https:\/\/yoast.com\/wordpress\/plugins\/seo\/ -->\n<title>Pol\u00edtica de Privadesa - de Vell a Bell<\/title>\n<meta name=\"robots\" content=\"index, follow, max-snippet:-1, max-image-preview:large, max-video-preview:-1\" \/>\n<link rel=\"canonical\" href=\"https:\/\/devellabell.ad\/es\/privacitat\" \/>\n<meta property=\"og:locale\" content=\"es_ES\" \/>\n<meta property=\"og:type\" content=\"article\" \/>\n<meta property=\"og:title\" content=\"Pol\u00edtica de Privadesa - de Vell a Bell\" \/>\n<meta property=\"og:description\" content=\"INTRODUCCI\u00d3 A De Vell a Bell Restauraci\u00f3, a partir d\u2019ara De Vell a Bell, sensibilitzats amb les necessitats dels usuaris d\u2019Internet i conscients de la import\u00e0ncia de la rigorosa privacitat de la informaci\u00f3 personal que ens confien, incloem aquesta declaraci\u00f3 de privacitat amb l\u2019objecte del fet que siguis conscient de la pol\u00edtica en el tractament [&hellip;]\" \/>\n<meta property=\"og:url\" content=\"https:\/\/devellabell.ad\/es\/privacitat\" \/>\n<meta property=\"og:site_name\" content=\"de Vell a Bell\" \/>\n<meta property=\"article:publisher\" content=\"https:\/\/www.facebook.com\/devellabell.restauracio\/\" \/>\n<meta property=\"article:modified_time\" content=\"2021-05-13T17:14:38+00:00\" \/>\n<meta name=\"twitter:card\" content=\"summary_large_image\" \/>\n<meta name=\"twitter:site\" content=\"@devellabell_r\" \/>\n<meta name=\"twitter:label1\" content=\"Tiempo de lectura\" \/>\n\t<meta name=\"twitter:data1\" content=\"3 minutos\" \/>\n<script type=\"application\/ld+json\" class=\"yoast-schema-graph\">{\"@context\":\"https:\/\/schema.org\",\"@graph\":[{\"@type\":\"WebPage\",\"@id\":\"https:\/\/devellabell.ad\/privacitat\",\"url\":\"https:\/\/devellabell.ad\/privacitat\",\"name\":\"Pol\u00edtica de Privadesa - de Vell a Bell\",\"isPartOf\":{\"@id\":\"https:\/\/devellabell.ad\/#website\"},\"datePublished\":\"2021-05-13T10:03:02+00:00\",\"dateModified\":\"2021-05-13T17:14:38+00:00\",\"breadcrumb\":{\"@id\":\"https:\/\/devellabell.ad\/privacitat#breadcrumb\"},\"inLanguage\":\"es\",\"potentialAction\":[{\"@type\":\"ReadAction\",\"target\":[\"https:\/\/devellabell.ad\/privacitat\"]}]},{\"@type\":\"BreadcrumbList\",\"@id\":\"https:\/\/devellabell.ad\/privacitat#breadcrumb\",\"itemListElement\":[{\"@type\":\"ListItem\",\"position\":1,\"name\":\"Inici\",\"item\":\"https:\/\/devellabell.ad\/\"},{\"@type\":\"ListItem\",\"position\":2,\"name\":\"Pol\u00edtica de Privadesa\"}]},{\"@type\":\"WebSite\",\"@id\":\"https:\/\/devellabell.ad\/#website\",\"url\":\"https:\/\/devellabell.ad\/\",\"name\":\"de Vell a Bell\",\"description\":\"Taller de Restauraci\u00f3 i Artesania\",\"publisher\":{\"@id\":\"https:\/\/devellabell.ad\/#organization\"},\"potentialAction\":[{\"@type\":\"SearchAction\",\"target\":{\"@type\":\"EntryPoint\",\"urlTemplate\":\"https:\/\/devellabell.ad\/?s={search_term_string}\"},\"query-input\":{\"@type\":\"PropertyValueSpecification\",\"valueRequired\":true,\"valueName\":\"search_term_string\"}}],\"inLanguage\":\"es\"},{\"@type\":\"Organization\",\"@id\":\"https:\/\/devellabell.ad\/#organization\",\"name\":\"de Vell a Bell\",\"url\":\"https:\/\/devellabell.ad\/\",\"logo\":{\"@type\":\"ImageObject\",\"inLanguage\":\"es\",\"@id\":\"https:\/\/devellabell.ad\/#\/schema\/logo\/image\/\",\"url\":\"https:\/\/devellabell.ad\/wp-content\/uploads\/2021\/04\/logo-1-8.png\",\"contentUrl\":\"https:\/\/devellabell.ad\/wp-content\/uploads\/2021\/04\/logo-1-8.png\",\"width\":600,\"height\":128,\"caption\":\"de Vell a Bell\"},\"image\":{\"@id\":\"https:\/\/devellabell.ad\/#\/schema\/logo\/image\/\"},\"sameAs\":[\"https:\/\/www.facebook.com\/devellabell.restauracio\/\",\"https:\/\/x.com\/devellabell_r\"]}]}<\/script>\n<!-- \/ Yoast SEO plugin. -->","yoast_head_json":{"title":"Pol\u00edtica de Privadesa - de Vell a Bell","robots":{"index":"index","follow":"follow","max-snippet":"max-snippet:-1","max-image-preview":"max-image-preview:large","max-video-preview":"max-video-preview:-1"},"canonical":"https:\/\/devellabell.ad\/es\/privacitat","og_locale":"es_ES","og_type":"article","og_title":"Pol\u00edtica de Privadesa - de Vell a Bell","og_description":"INTRODUCCI\u00d3 A De Vell a Bell Restauraci\u00f3, a partir d\u2019ara De Vell a Bell, sensibilitzats amb les necessitats dels usuaris d\u2019Internet i conscients de la import\u00e0ncia de la rigorosa privacitat de la informaci\u00f3 personal que ens confien, incloem aquesta declaraci\u00f3 de privacitat amb l\u2019objecte del fet que siguis conscient de la pol\u00edtica en el tractament [&hellip;]","og_url":"https:\/\/devellabell.ad\/es\/privacitat","og_site_name":"de Vell a Bell","article_publisher":"https:\/\/www.facebook.com\/devellabell.restauracio\/","article_modified_time":"2021-05-13T17:14:38+00:00","twitter_card":"summary_large_image","twitter_site":"@devellabell_r","twitter_misc":{"Tiempo de lectura":"3 minutos"},"schema":{"@context":"https:\/\/schema.org","@graph":[{"@type":"WebPage","@id":"https:\/\/devellabell.ad\/privacitat","url":"https:\/\/devellabell.ad\/privacitat","name":"Pol\u00edtica de Privadesa - de Vell a Bell","isPartOf":{"@id":"https:\/\/devellabell.ad\/#website"},"datePublished":"2021-05-13T10:03:02+00:00","dateModified":"2021-05-13T17:14:38+00:00","breadcrumb":{"@id":"https:\/\/devellabell.ad\/privacitat#breadcrumb"},"inLanguage":"es","potentialAction":[{"@type":"ReadAction","target":["https:\/\/devellabell.ad\/privacitat"]}]},{"@type":"BreadcrumbList","@id":"https:\/\/devellabell.ad\/privacitat#breadcrumb","itemListElement":[{"@type":"ListItem","position":1,"name":"Inici","item":"https:\/\/devellabell.ad\/"},{"@type":"ListItem","position":2,"name":"Pol\u00edtica de Privadesa"}]},{"@type":"WebSite","@id":"https:\/\/devellabell.ad\/#website","url":"https:\/\/devellabell.ad\/","name":"de Vell a Bell","description":"Taller de restauraci\u00f3n y artesan\u00eda","publisher":{"@id":"https:\/\/devellabell.ad\/#organization"},"potentialAction":[{"@type":"SearchAction","target":{"@type":"EntryPoint","urlTemplate":"https:\/\/devellabell.ad\/?s={search_term_string}"},"query-input":{"@type":"PropertyValueSpecification","valueRequired":true,"valueName":"search_term_string"}}],"inLanguage":"es"},{"@type":"Organization","@id":"https:\/\/devellabell.ad\/#organization","name":"de Vell a Bell","url":"https:\/\/devellabell.ad\/","logo":{"@type":"ImageObject","inLanguage":"es","@id":"https:\/\/devellabell.ad\/#\/schema\/logo\/image\/","url":"https:\/\/devellabell.ad\/wp-content\/uploads\/2021\/04\/logo-1-8.png","contentUrl":"https:\/\/devellabell.ad\/wp-content\/uploads\/2021\/04\/logo-1-8.png","width":600,"height":128,"caption":"de Vell a Bell"},"image":{"@id":"https:\/\/devellabell.ad\/#\/schema\/logo\/image\/"},"sameAs":["https:\/\/www.facebook.com\/devellabell.restauracio\/","https:\/\/x.com\/devellabell_r"]}]}},"_links":{"self":[{"href":"https:\/\/devellabell.ad\/es\/wp-json\/wp\/v2\/pages\/454","targetHints":{"allow":["GET"]}}],"collection":[{"href":"https:\/\/devellabell.ad\/es\/wp-json\/wp\/v2\/pages"}],"about":[{"href":"https:\/\/devellabell.ad\/es\/wp-json\/wp\/v2\/types\/page"}],"author":[{"embeddable":true,"href":"https:\/\/devellabell.ad\/es\/wp-json\/wp\/v2\/users\/2"}],"replies":[{"embeddable":true,"href":"https:\/\/devellabell.ad\/es\/wp-json\/wp\/v2\/comments?post=454"}],"version-history":[{"count":0,"href":"https:\/\/devellabell.ad\/es\/wp-json\/wp\/v2\/pages\/454\/revisions"}],"wp:attachment":[{"href":"https:\/\/devellabell.ad\/es\/wp-json\/wp\/v2\/media?parent=454"}],"curies":[{"name":"wp","href":"https:\/\/api.w.org\/{rel}","templated":true}]}}