{"id":266,"date":"2021-05-01T21:33:15","date_gmt":"2021-05-01T21:33:15","guid":{"rendered":"https:\/\/devellabell.ad\/?page_id=266"},"modified":"2021-06-21T13:58:54","modified_gmt":"2021-06-21T13:58:54","slug":"la-restauradora","status":"publish","type":"page","link":"https:\/\/devellabell.ad\/es\/la-restauradora","title":{"rendered":"La restauradora"},"content":{"rendered":"<section id=\"section-1-86\" class=\"ct-section\" style=\"background-image:linear-gradient(rgba(216,194,169,0.88), rgba(216,194,169,0.88)), url(https:\/\/devellabell.ad\/wp-content\/uploads\/2021\/05\/pexels-clem-onojeghuo-175709.jpg);background-size:auto,  cover;\" ><div class=\"ct-section-inner-wrap\"><h4 id=\"headline-2-86\" class=\"ct-headline\"><span id=\"span-3-86\" class=\"ct-span\" >Taller de restauraci\u00f3n y artesan\u00eda<\/span><\/h4><h1 id=\"headline-5-86\" class=\"ct-headline\"><span id=\"span-6-86\" class=\"ct-span\" >La restauradora<\/span><\/h1><\/div><\/section><section id=\"qui-soc\" class=\"ct-section\" ><div class=\"ct-section-inner-wrap\"><div id=\"fancy_icon-70-266\" class=\"ct-fancy-icon\" ><svg id=\"svg-fancy_icon-70-266\"><use xlink:href=\"#Lineariconsicon-book\"><\/use><\/svg><\/div><h3 id=\"headline-71-266\" class=\"ct-headline fancy-heading-three\">Qui S\u00f3c?<\/h3><div id=\"text_block-72-266\" class=\"ct-text-block\" >\u00cdngrid Forell Lluch - Restauradora i fundadora de De Vell a Bell<\/div><\/div><\/section><section id=\"section-3-266\" class=\"ct-section\" ><div class=\"ct-section-inner-wrap\"><div id=\"new_columns-4-266\" class=\"ct-new-columns\" ><div id=\"div_block-5-266\" class=\"ct-div-block fancy-testimonials-3-wrapper\" ><img decoding=\"async\"  id=\"image-28-266\" alt=\"\" src=\"https:\/\/devellabell.ad\/wp-content\/uploads\/2021\/05\/Ingrid.png\" class=\"ct-image\"\/><\/div><div id=\"div_block-12-266\" class=\"ct-div-block\" ><img decoding=\"async\"  id=\"image-6-266\" alt=\"\" src=\"https:\/\/fancyfreelancer.oxy.host\/wp-content\/uploads\/sites\/58\/2019\/02\/\u201c@2x.png\" class=\"ct-image fancy-testimonial-3-image\"\/><div id=\"text_block-7-266\" class=\"ct-text-block fancy-testimonial-3-text\" >Hola! S\u00f3c l\u2019\u00cdngrid Forell Lluch i des de ben petita m\u2019ha agradat fer manualitats, pintar, fer escultures, anar d\u2019excursi\u00f3, la natura..., i moltes coses m\u00e9s.<\/div><div id=\"div_block-8-266\" class=\"ct-div-block fancy-testimonial-3-avatar-wrapper\" ><img decoding=\"async\"  id=\"image-9-266\" alt=\"\" src=\"https:\/\/devellabell.ad\/wp-content\/uploads\/2021\/04\/121652437_1075995509502893_7779838008532308580_n.jpeg\" class=\"ct-image fancy-testimonial-3-avatar\"\/><h3 id=\"headline-10-266\" class=\"ct-headline fancy-testimonial-3-name\">Ingrid<\/h3><div id=\"text_block-11-266\" class=\"ct-text-block fancy-testimonial-2-label\" >Restauradora<\/div><\/div><div id=\"_social_icons-116-266\" class=\"oxy-social-icons\" ><a href='https:\/\/www.linkedin.com\/in\/ingrid-forell-lluch-145471171' target='_blank' class='oxy-social-icons-linkedin'><svg><title>Visit our LinkedIn<\/title><use xlink:href='#oxy-social-icons-icon-linkedin-blank'><\/use><\/svg><\/a><\/div><div id=\"text_block-22-266\" class=\"ct-text-block\" >He tingut la sort que el meu Opa (avi) en Ricard Forell Herzner em va ensenyar moltes coses sobre l\u2019art, era un pintor autodidacte, a casa seva sempre feia olor a pintura i estava plena de pinzells per tot arreu... d\u2019alguna banda m\u2019havia de sortir la part art\u00edstica.<br><br>Tota la meva formaci\u00f3 acad\u00e8mica ha estat sempre vinculada amb l\u2019art. Quan va ser el moment vaig triar fer el batxillerat art\u00edstic, i a partir d\u2019aqu\u00ed em vaig anar formant en aquest ram. Primerament com a T\u00e8cnica superior d\u2019arts pl\u00e0stiques i disseny en arts aplicades de l\u2019escultura a l\u2019Escola d\u2019Art i Superior de Disseny Llotja de Barcelona, on em vaig especialitzar en l\u2019\u00e0mbit de la fusta, un material molt noble que sempre m\u2019ha agradat. Per aquest motiu posteriorment vaig continuar els meus estudis com a T\u00e8cnica d\u2019arts pl\u00e0stiques i disseny en talla art\u00edstica en fusta, tamb\u00e9 a la Llotja. I com que no en tenia prou vaig decidir fer la Diplomatura de Conservaci\u00f3 i restauraci\u00f3 de b\u00e9ns culturals en l\u2019especialitat de conservaci\u00f3 i restauraci\u00f3 d\u2019escultura per l\u2019Escola Superior de Conservaci\u00f3 i Restauraci\u00f3 de B\u00e9ns Culturals de Barcelona (ESCRBCC)<br><br>I entre mig dels estudis, pr\u00e0ctiques i feines en diverses entitats, tant p\u00fabliques com privades, treballant com a restauradora en jaciments arqueol\u00f2gics, restauradora de de mobles, t\u00e8cnica en inventaris de b\u00e9ns mobles... He seguit formant-me  per tal d\u2019aprofundir en determinades tem\u00e0tiques que m\u2019han interessat com el daurat, la construcci\u00f3 en pedra seca, la reparaci\u00f3 de cadires de reixeta i encordat, t\u00e8cniques decoratives en general, etc.<br><br>He tingut la sort de poder treballar al Departament de B\u00e9ns Mobles i del Departament de Museus de Patrimoni Cultural d\u2019Andorra duent a terme diverses feines en l\u2019\u00e0mbit de la restauraci\u00f3 en retaules de les principals esgl\u00e9sies del Principat. Realitzant reproduccions escult\u00f2riques d\u2019aquets, com la c\u00f2pia de la Verge de Meritxell que es troba actualment al Santuari Vell de Meritxell. Tamb\u00e9 la reproducci\u00f3 de la Taula de \u201cL\u2019Aparici\u00f3 del Mont G\u00e0rgan\u201d del retaule de l\u2019Esgl\u00e9sia de Sant Miquel de Prats.  <br><\/div><\/div><\/div><\/div><\/section><section id=\"el-taller\" class=\"ct-section\" ><div class=\"ct-section-inner-wrap\"><div id=\"fancy_icon-67-266\" class=\"ct-fancy-icon\" ><svg id=\"svg-fancy_icon-67-266\"><use xlink:href=\"#FontAwesomeicon-paint-brush\"><\/use><\/svg><\/div><h3 id=\"headline-33-266\" class=\"ct-headline fancy-heading-three\">El taller de restauraci\u00f3<\/h3><div id=\"text_block-64-266\" class=\"ct-text-block\" >l\u2019\u00cdngrid Forell Lluch - Restauradora i fundadora de De Vell a Bell<\/div><\/div><\/section><section id=\"section-76-266\" class=\"ct-section\" ><div class=\"ct-section-inner-wrap\"><div id=\"new_columns-77-266\" class=\"ct-new-columns\" ><div id=\"div_block-78-266\" class=\"ct-div-block fancy-testimonials-3-wrapper\" ><img decoding=\"async\"  id=\"image-79-266\" alt=\"\" src=\"https:\/\/devellabell.ad\/wp-content\/uploads\/2021\/04\/27657473_432282087207575_2835334238316051725_n.jpeg\" class=\"ct-image\"\/><\/div><div id=\"div_block-80-266\" class=\"ct-div-block\" ><img decoding=\"async\"  id=\"image-81-266\" alt=\"\" src=\"https:\/\/fancyfreelancer.oxy.host\/wp-content\/uploads\/sites\/58\/2019\/02\/\u201c@2x.png\" class=\"ct-image fancy-testimonial-3-image\"\/><div id=\"text_block-82-266\" class=\"ct-text-block fancy-testimonial-3-text\" >Vaig emprendre aquesta aventura, en el m\u00f3n dels aut\u00f2noms, amb respecte per\u00f2 amb molta il\u00b7lusi\u00f3. Amb ganes de tirar endavant les idees que em rondaven pel cap i que a poc a poc van veient la llum.<\/div><div id=\"text_block-87-266\" class=\"ct-text-block\" >El projecte de DE VELL A BELL RESTAURACI\u00d3 el vaig iniciar l\u2019any 2018 a Sant Juli\u00e0 de L\u00f2ria.&nbsp;<br><br>L\u2019empresa ha anat agafant forma i el 2020 vaig obrir les portes del meu nou taller, ubicat al C\/de les Escoles 21 a Sant Juli\u00e0 de L\u00f2ria. Sens dubte, ha estat un pas important, doncs els 80m2 dels que disposo actualment em permeten oferir tots els serveis que he projectat.<br><br>D\u2019aquesta manera puc contribuir en la reutilitzaci\u00f3 i recuperaci\u00f3 de mobles i objectes antics, com donar un nou us a una cosa que inicialment estava destinada a un altre cosa, reduir el consumisme i reaprofitar all\u00f2 que ja tenim i encara ens pot ser \u00fatil. Amb aquesta filosofia ens permet reduir residus i reutilitzar all\u00f2 que creiem que ja no ens serveix o ens agrada. <br><br>  <br><\/div><\/div><\/div><\/div><\/section><section id=\"section-103-266\" class=\"ct-section\" ><div class=\"ct-section-inner-wrap\"><div id=\"div_block-104-266\" class=\"ct-div-block\" ><h1 id=\"headline-105-266\" class=\"ct-headline fancy-heading-three\">QUe ofereixo?<\/h1><div id=\"text_block-113-266\" class=\"ct-text-block\" >Conservaci\u00f3 i restauraci\u00f3 de mobles i objectes antics.<br>Reparaci\u00f3 de seients de reixeta i encordat.<br>Transformaci\u00f3, reutilitzaci\u00f3  i decoraci\u00f3 de mobles.<br>Talla i artesania en fusta.<br>Tallers, cursos i manualitats.<br><br><\/div><div id=\"div_block-106-266\" class=\"ct-div-block fancy-main-button-light-wrapper\" ><a id=\"link_button-107-266\" class=\"ct-link-button fancy-main-button-light\" href=\"https:\/\/devellabell.ad\/es\/servicios\/\"   >Ver todos los servicios<\/a><\/div><\/div><\/div><\/section><section id=\"section-16-86\" class=\"ct-section\" ><div class=\"ct-section-inner-wrap\"><div id=\"new_columns-26-292\" class=\"ct-new-columns\" ><div id=\"div_block-27-292\" class=\"ct-div-block\" ><a id=\"link-48-86\" class=\"ct-link\" href=\"https:\/\/devellabell.ad\/es\/servicios\/\"   ><div id=\"fancy_icon-19-86\" class=\"ct-fancy-icon fancy-iconblock-2-icon\" ><svg id=\"svg-fancy_icon-19-86\"><use xlink:href=\"#FontAwesomeicon-paint-brush\"><\/use><\/svg><\/div><h4 id=\"headline-20-86\" class=\"ct-headline fancy-iconblock-2-title\">Servicios<\/h4><\/a><\/div><div id=\"div_block-28-292\" class=\"ct-div-block\" ><a id=\"link-19-292\" class=\"ct-link\" href=\"https:\/\/devellabell.ad\/es\/la-restauradora\"   ><div id=\"fancy_icon-20-292\" class=\"ct-fancy-icon fancy-iconblock-2-icon\" ><svg id=\"svg-fancy_icon-20-292\"><use xlink:href=\"#Lineariconsicon-home\"><\/use><\/svg><\/div><h3 id=\"headline-21-292\" class=\"ct-headline fancy-iconblock-2-title\">El Taller<\/h3><\/a><\/div><div id=\"div_block-29-292\" class=\"ct-div-block\" ><a id=\"link-52-86\" class=\"ct-link\" href=\"https:\/\/devellabell.ad\/es\/treballs\/\"   ><div id=\"fancy_icon-25-86\" class=\"ct-fancy-icon fancy-iconblock-2-icon\" ><svg id=\"svg-fancy_icon-25-86\"><use xlink:href=\"#Lineariconsicon-highlight\"><\/use><\/svg><\/div><h3 id=\"headline-26-86\" class=\"ct-headline fancy-iconblock-2-title\">Trabajos<\/h3><\/a><\/div><div id=\"div_block-30-292\" class=\"ct-div-block\" ><a id=\"link-59-86\" class=\"ct-link\" href=\"https:\/\/devellabell.ad\/es\/botiga\"   ><div id=\"fancy_icon-60-86\" class=\"ct-fancy-icon fancy-iconblock-2-icon\" ><svg id=\"svg-fancy_icon-60-86\"><use xlink:href=\"#FontAwesomeicon-shopping-bag\"><\/use><\/svg><\/div><h3 id=\"headline-61-86\" class=\"ct-headline fancy-iconblock-2-title\">Tienda<\/h3><\/a><\/div><\/div><\/div><\/section>","protected":false},"excerpt":{"rendered":"","protected":false},"author":1,"featured_media":0,"parent":0,"menu_order":0,"comment_status":"closed","ping_status":"closed","template":"","meta":{"_acf_changed":false,"footnotes":""},"class_list":["post-266","page","type-page","status-publish","hentry"],"acf":[],"yoast_head":"<!-- This site is optimized with the Yoast SEO plugin v26.6 - https:\/\/yoast.com\/wordpress\/plugins\/seo\/ -->\n<title>La restauradora - de Vell a Bell<\/title>\n<meta name=\"robots\" content=\"index, follow, max-snippet:-1, max-image-preview:large, max-video-preview:-1\" \/>\n<link rel=\"canonical\" href=\"https:\/\/devellabell.ad\/es\/la-restauradora\" \/>\n<meta property=\"og:locale\" content=\"es_ES\" \/>\n<meta property=\"og:type\" content=\"article\" \/>\n<meta property=\"og:title\" content=\"La restauradora - de Vell a Bell\" \/>\n<meta property=\"og:url\" content=\"https:\/\/devellabell.ad\/es\/la-restauradora\" \/>\n<meta property=\"og:site_name\" content=\"de Vell a Bell\" \/>\n<meta property=\"article:publisher\" content=\"https:\/\/www.facebook.com\/devellabell.restauracio\/\" \/>\n<meta property=\"article:modified_time\" content=\"2021-06-21T13:58:54+00:00\" \/>\n<meta name=\"twitter:card\" content=\"summary_large_image\" \/>\n<meta name=\"twitter:site\" content=\"@devellabell_r\" \/>\n<script type=\"application\/ld+json\" class=\"yoast-schema-graph\">{\"@context\":\"https:\/\/schema.org\",\"@graph\":[{\"@type\":\"WebPage\",\"@id\":\"https:\/\/devellabell.ad\/la-restauradora\",\"url\":\"https:\/\/devellabell.ad\/la-restauradora\",\"name\":\"La restauradora - de Vell a Bell\",\"isPartOf\":{\"@id\":\"https:\/\/devellabell.ad\/#website\"},\"datePublished\":\"2021-05-01T21:33:15+00:00\",\"dateModified\":\"2021-06-21T13:58:54+00:00\",\"breadcrumb\":{\"@id\":\"https:\/\/devellabell.ad\/la-restauradora#breadcrumb\"},\"inLanguage\":\"es\",\"potentialAction\":[{\"@type\":\"ReadAction\",\"target\":[\"https:\/\/devellabell.ad\/la-restauradora\"]}]},{\"@type\":\"BreadcrumbList\",\"@id\":\"https:\/\/devellabell.ad\/la-restauradora#breadcrumb\",\"itemListElement\":[{\"@type\":\"ListItem\",\"position\":1,\"name\":\"Inici\",\"item\":\"https:\/\/devellabell.ad\/\"},{\"@type\":\"ListItem\",\"position\":2,\"name\":\"La restauradora\"}]},{\"@type\":\"WebSite\",\"@id\":\"https:\/\/devellabell.ad\/#website\",\"url\":\"https:\/\/devellabell.ad\/\",\"name\":\"de Vell a Bell\",\"description\":\"Taller de Restauraci\u00f3 i Artesania\",\"publisher\":{\"@id\":\"https:\/\/devellabell.ad\/#organization\"},\"potentialAction\":[{\"@type\":\"SearchAction\",\"target\":{\"@type\":\"EntryPoint\",\"urlTemplate\":\"https:\/\/devellabell.ad\/?s={search_term_string}\"},\"query-input\":{\"@type\":\"PropertyValueSpecification\",\"valueRequired\":true,\"valueName\":\"search_term_string\"}}],\"inLanguage\":\"es\"},{\"@type\":\"Organization\",\"@id\":\"https:\/\/devellabell.ad\/#organization\",\"name\":\"de Vell a Bell\",\"url\":\"https:\/\/devellabell.ad\/\",\"logo\":{\"@type\":\"ImageObject\",\"inLanguage\":\"es\",\"@id\":\"https:\/\/devellabell.ad\/#\/schema\/logo\/image\/\",\"url\":\"https:\/\/devellabell.ad\/wp-content\/uploads\/2021\/04\/logo-1-8.png\",\"contentUrl\":\"https:\/\/devellabell.ad\/wp-content\/uploads\/2021\/04\/logo-1-8.png\",\"width\":600,\"height\":128,\"caption\":\"de Vell a Bell\"},\"image\":{\"@id\":\"https:\/\/devellabell.ad\/#\/schema\/logo\/image\/\"},\"sameAs\":[\"https:\/\/www.facebook.com\/devellabell.restauracio\/\",\"https:\/\/x.com\/devellabell_r\"]}]}<\/script>\n<!-- \/ Yoast SEO plugin. -->","yoast_head_json":{"title":"La restauradora - de Vell a Bell","robots":{"index":"index","follow":"follow","max-snippet":"max-snippet:-1","max-image-preview":"max-image-preview:large","max-video-preview":"max-video-preview:-1"},"canonical":"https:\/\/devellabell.ad\/es\/la-restauradora","og_locale":"es_ES","og_type":"article","og_title":"La restauradora - de Vell a Bell","og_url":"https:\/\/devellabell.ad\/es\/la-restauradora","og_site_name":"de Vell a Bell","article_publisher":"https:\/\/www.facebook.com\/devellabell.restauracio\/","article_modified_time":"2021-06-21T13:58:54+00:00","twitter_card":"summary_large_image","twitter_site":"@devellabell_r","schema":{"@context":"https:\/\/schema.org","@graph":[{"@type":"WebPage","@id":"https:\/\/devellabell.ad\/la-restauradora","url":"https:\/\/devellabell.ad\/la-restauradora","name":"La restauradora - de Vell a Bell","isPartOf":{"@id":"https:\/\/devellabell.ad\/#website"},"datePublished":"2021-05-01T21:33:15+00:00","dateModified":"2021-06-21T13:58:54+00:00","breadcrumb":{"@id":"https:\/\/devellabell.ad\/la-restauradora#breadcrumb"},"inLanguage":"es","potentialAction":[{"@type":"ReadAction","target":["https:\/\/devellabell.ad\/la-restauradora"]}]},{"@type":"BreadcrumbList","@id":"https:\/\/devellabell.ad\/la-restauradora#breadcrumb","itemListElement":[{"@type":"ListItem","position":1,"name":"Inici","item":"https:\/\/devellabell.ad\/"},{"@type":"ListItem","position":2,"name":"La restauradora"}]},{"@type":"WebSite","@id":"https:\/\/devellabell.ad\/#website","url":"https:\/\/devellabell.ad\/","name":"de Vell a Bell","description":"Taller de restauraci\u00f3n y artesan\u00eda","publisher":{"@id":"https:\/\/devellabell.ad\/#organization"},"potentialAction":[{"@type":"SearchAction","target":{"@type":"EntryPoint","urlTemplate":"https:\/\/devellabell.ad\/?s={search_term_string}"},"query-input":{"@type":"PropertyValueSpecification","valueRequired":true,"valueName":"search_term_string"}}],"inLanguage":"es"},{"@type":"Organization","@id":"https:\/\/devellabell.ad\/#organization","name":"de Vell a Bell","url":"https:\/\/devellabell.ad\/","logo":{"@type":"ImageObject","inLanguage":"es","@id":"https:\/\/devellabell.ad\/#\/schema\/logo\/image\/","url":"https:\/\/devellabell.ad\/wp-content\/uploads\/2021\/04\/logo-1-8.png","contentUrl":"https:\/\/devellabell.ad\/wp-content\/uploads\/2021\/04\/logo-1-8.png","width":600,"height":128,"caption":"de Vell a Bell"},"image":{"@id":"https:\/\/devellabell.ad\/#\/schema\/logo\/image\/"},"sameAs":["https:\/\/www.facebook.com\/devellabell.restauracio\/","https:\/\/x.com\/devellabell_r"]}]}},"_links":{"self":[{"href":"https:\/\/devellabell.ad\/es\/wp-json\/wp\/v2\/pages\/266","targetHints":{"allow":["GET"]}}],"collection":[{"href":"https:\/\/devellabell.ad\/es\/wp-json\/wp\/v2\/pages"}],"about":[{"href":"https:\/\/devellabell.ad\/es\/wp-json\/wp\/v2\/types\/page"}],"author":[{"embeddable":true,"href":"https:\/\/devellabell.ad\/es\/wp-json\/wp\/v2\/users\/1"}],"replies":[{"embeddable":true,"href":"https:\/\/devellabell.ad\/es\/wp-json\/wp\/v2\/comments?post=266"}],"version-history":[{"count":3,"href":"https:\/\/devellabell.ad\/es\/wp-json\/wp\/v2\/pages\/266\/revisions"}],"predecessor-version":[{"id":832,"href":"https:\/\/devellabell.ad\/es\/wp-json\/wp\/v2\/pages\/266\/revisions\/832"}],"wp:attachment":[{"href":"https:\/\/devellabell.ad\/es\/wp-json\/wp\/v2\/media?parent=266"}],"curies":[{"name":"wp","href":"https:\/\/api.w.org\/{rel}","templated":true}]}}